{"id":42,"date":"2016-05-05T13:14:47","date_gmt":"2016-05-05T11:14:47","guid":{"rendered":"http:\/\/www.logopaedie-emhofer.at\/?page_id=42"},"modified":"2021-03-20T10:48:02","modified_gmt":"2021-03-20T09:48:02","slug":"impressum","status":"publish","type":"page","link":"http:\/\/www.logopaedie-emhofer.at\/?page_id=42","title":{"rendered":"IMPRESSUM"},"content":{"rendered":"<div class=\" full_section_inner clearfix\">\n<div class=\"vc_col-sm-12 wpb_column vc_column_container \">\n<div class=\"wpb_wrapper\">\n<div class=\"wpb_text_column wpb_content_element \">\n<div class=\"wpb_wrapper\">\n<p>Allgemeine Informationspflichten gem \u00a7 5 E-Commerce-Gesetz (ECG)<\/p>\n<p>&nbsp;<\/p>\n<p>Medieninhaber:<\/p>\n<p>Anita Emhofer<br \/>\nSonnenhang 4<br \/>\n4284 Tragwein<br \/>\nTel. 0699 \/ 127 55 698<br \/>\nE-Mail. anitaemhofer@gmx.at<br \/>\nwww.logopaedie-emhofer.at<\/p>\n<p>&nbsp;<\/p>\n<p>Unternehmensgegenstand: Logop\u00e4die<br \/>\nBeh\u00f6rde gem. ECG (E-Commerce Gesetz)<br \/>\nBezirkshauptmannschaft Freistadt<\/p>\n<p>&nbsp;<\/p>\n<p>Der Inhalt dieser Homepage ist urheberrechtlich gesch\u00fctzt. Die Informationen sind nur f\u00fcr die pers\u00f6nliche Verwendung bestimmt. Jede weitergehende Nutzung insbesondere die Speicherung in Datenbanken, Vervielf\u00e4ltigung und jede Form von gewerblicher Nutzung sowie die Weitergabe an Dritte &#8211; auch in Teilen oder in \u00fcberarbeiteter Form &#8211; ohne Zustimmung des Website-Inhabers ist untersagt.<\/p>\n<p>Quelle: Informationen der WKO<\/p>\n<\/div>\n<\/div>\n<\/div>\n<\/div>\n<\/div>\n","protected":false},"excerpt":{"rendered":"<p>Allgemeine Informationspflichten gem \u00a7 5 E-Commerce-Gesetz (ECG) &nbsp; Medieninhaber: Anita Emhofer Sonnenhang 4 4284 Tragwein Tel. 0699 \/ 127 55 698 E-Mail. anitaemhofer@gmx.at www.logopaedie-emhofer.at &nbsp; Unternehmensgegenstand: Logop\u00e4die Beh\u00f6rde gem. ECG (E-Commerce Gesetz) Bezirkshauptmannschaft Freistadt &nbsp; Der Inhalt dieser Homepage ist urheberrechtlich gesch\u00fctzt. Die Informationen sind nur f\u00fcr die pers\u00f6nliche Verwendung bestimmt. Jede weitergehende Nutzung insbesondere<a href=\"http:\/\/www.logopaedie-emhofer.at\/?page_id=42\">[&#8230;]<\/a><\/p>\n","protected":false},"author":1,"featured_media":0,"parent":0,"menu_order":0,"comment_status":"closed","ping_status":"closed","template":"","meta":{"footnotes":""},"amp_enabled":true,"_links":{"self":[{"href":"http:\/\/www.logopaedie-emhofer.at\/index.php?rest_route=\/wp\/v2\/pages\/42"}],"collection":[{"href":"http:\/\/www.logopaedie-emhofer.at\/index.php?rest_route=\/wp\/v2\/pages"}],"about":[{"href":"http:\/\/www.logopaedie-emhofer.at\/index.php?rest_route=\/wp\/v2\/types\/page"}],"author":[{"embeddable":true,"href":"http:\/\/www.logopaedie-emhofer.at\/index.php?rest_route=\/wp\/v2\/users\/1"}],"replies":[{"embeddable":true,"href":"http:\/\/www.logopaedie-emhofer.at\/index.php?rest_route=%2Fwp%2Fv2%2Fcomments&post=42"}],"version-history":[{"count":5,"href":"http:\/\/www.logopaedie-emhofer.at\/index.php?rest_route=\/wp\/v2\/pages\/42\/revisions"}],"predecessor-version":[{"id":44,"href":"http:\/\/www.logopaedie-emhofer.at\/index.php?rest_route=\/wp\/v2\/pages\/42\/revisions\/44"}],"wp:attachment":[{"href":"http:\/\/www.logopaedie-emhofer.at\/index.php?rest_route=%2Fwp%2Fv2%2Fmedia&parent=42"}],"curies":[{"name":"wp","href":"https:\/\/api.w.org\/{rel}","templated":true}]}}